{"id":634,"date":"2014-09-23T18:18:32","date_gmt":"2014-09-23T18:18:32","guid":{"rendered":"https:\/\/educate-peru.org\/?page_id=22"},"modified":"2019-12-20T18:02:53","modified_gmt":"2019-12-20T23:02:53","slug":"godparenting-and-donation","status":"publish","type":"page","link":"https:\/\/educate-peru.org\/es\/godparenting-and-donation\/","title":{"rendered":"Godparenting and donation"},"content":{"rendered":"<h5>Bienvenidos a todos los padrinos potenciales<\/h5>\n<p>En nombre de Educateperu y todos los padres de los alumnos en la escuela, me gustar\u00eda darle las gracias por aceptar ser \/ estar considerando un padrino para un ni\u00f1o en la escuela de Saxlingham St Mary en Pachacutec, Lima, Per\u00fa.<\/p>\n<p>Su contribuci\u00f3n mensual de, sugerimos, \u00a3 20 ($ 30) proporcionar\u00e1 un desayuno \/ almuerzo caliente &#8211; que para los ni\u00f1os aqu\u00ed es muy importante, ya que la mayor\u00eda abandonan sus hogares sin nada, o muy poco para comer. Esto hace, por supuesto, que afecte su concentraci\u00f3n durante el d\u00eda. Tambi\u00e9n se destinar\u00e1 a apoyar a su ni\u00f1o elegido en sus clases extras, por ejemplo, Ingl\u00e9s, juegos, m\u00fasica, arte que tienen que llevarse a cabo en la tarde y en el aula con los auxiliares . El gobierno s\u00f3lo paga por las lecciones fundamentales \u00abb\u00e1sicos\u00bb aqu\u00ed, las matem\u00e1ticas, la comunicaci\u00f3n, la religi\u00f3n y s\u00f3lo paga por los profesores en las ma\u00f1anas, como sucede en las escuelas p\u00fablicas. (ver las fotos de la diferencia en la secci\u00f3n \u00abNuevo\u00bb) Nuestra escuela est\u00e1 abierta de 7.45 &#8211; 16:00.<\/p>\n<p><strong>Si decide continuar y llegar a ser un padrino, por favor env\u00edame la siguiente tan pronto como sea posible:<\/strong><\/p>\n<p>El formulario de Ayuda de regalo rellenado + tu direcci\u00f3n de correo electr\u00f3nico, en caso de dudas. Si usted se siente en\u00e9rgicamente&nbsp;en tener un ni\u00f1o o una ni\u00f1a, por favor h\u00e1gamelo saber. Tambi\u00e9n ser\u00eda muy \u00fatil si se pudiera organizar un pago regular directamente en la cuenta, ya que no se les cobra por eso, pero por supuesto, el dinero de cualquier forma, siempre es bienvenido!<\/p>\n<p>Si desea un recibo \/ reconocimiento de su pago cada mes, por favor aconsejarme de la acct no. As\u00ed que puedo identificarlo en la impresi\u00f3n.<\/p>\n<p><strong>O, por favor, rellene este <a href=\"https:\/\/educate-peru.org\/wp-content\/uploads\/2014\/09\/GIFT-AID-DECLARATION-AND-PLEDGE.docx\" target=\"_blank\" rel=\"noopener\">formulario<\/a>.<\/strong><\/p>\n<p>Para los que no lo tienen a\u00fan, la cuenta Educateperu est\u00e1 en el Banco Santander, 301 St Vincent Street, Glasgow G2 5NT.<br \/>\nOrdenar c\u00f3digo: 090150<br \/>\nN\u00famero de cuenta: 04831268.<\/p>\n<p>Si conoces a alguien que pueda estar interesado en ser un padrino tambi\u00e9n, por favor darles esta carta, invitarlos a escribirme a: <a href=\"mailto:jill@educateperu.org\" target=\"_blank\" rel=\"noopener\">jill@educateperu.org<\/a><\/p>\n<p>Gracias por leer esto y pensar en el apoyo a un ni\u00f1o en esta hermosa escuela . En caso de que usted lo haga, usted tendr\u00e1 el placer permanente de saber que ha hecho una contribuci\u00f3n incalculable a un ni\u00f1o cuyo \u00fanico \u00abdelito\u00bb fue haber nacido pobre, en un pa\u00eds donde ser pobre es m\u00e1s una&nbsp;norma eso no .<br \/>\nCon amor y gratitud, Jill Bignell<\/p>\n","protected":false},"excerpt":{"rendered":"<p>Bienvenidos a todos los padrinos potenciales En nombre de Educateperu y todos los&hellip; <a href=\"https:\/\/educate-peru.org\/es\/godparenting-and-donation\/\">Continuar<\/a><\/p>\n","protected":false},"author":1,"featured_media":0,"parent":0,"menu_order":0,"comment_status":"open","ping_status":"open","template":"","meta":{"ngg_post_thumbnail":0,"footnotes":""},"class_list":["post-634","page","type-page","status-publish","hentry"],"_links":{"self":[{"href":"https:\/\/educate-peru.org\/es\/wp-json\/wp\/v2\/pages\/634","targetHints":{"allow":["GET"]}}],"collection":[{"href":"https:\/\/educate-peru.org\/es\/wp-json\/wp\/v2\/pages"}],"about":[{"href":"https:\/\/educate-peru.org\/es\/wp-json\/wp\/v2\/types\/page"}],"author":[{"embeddable":true,"href":"https:\/\/educate-peru.org\/es\/wp-json\/wp\/v2\/users\/1"}],"replies":[{"embeddable":true,"href":"https:\/\/educate-peru.org\/es\/wp-json\/wp\/v2\/comments?post=634"}],"version-history":[{"count":6,"href":"https:\/\/educate-peru.org\/es\/wp-json\/wp\/v2\/pages\/634\/revisions"}],"predecessor-version":[{"id":893,"href":"https:\/\/educate-peru.org\/es\/wp-json\/wp\/v2\/pages\/634\/revisions\/893"}],"wp:attachment":[{"href":"https:\/\/educate-peru.org\/es\/wp-json\/wp\/v2\/media?parent=634"}],"curies":[{"name":"wp","href":"https:\/\/api.w.org\/{rel}","templated":true}]}}