{"id":10,"date":"2014-09-23T18:16:45","date_gmt":"2014-09-23T18:16:45","guid":{"rendered":"https:\/\/educate-peru.org\/?page_id=10"},"modified":"2021-01-05T10:05:09","modified_gmt":"2021-01-05T15:05:09","slug":"about-us","status":"publish","type":"page","link":"https:\/\/educate-peru.org\/es\/about-us\/","title":{"rendered":"About Us"},"content":{"rendered":"<h5><strong>Bienvenido a Educateperu.org<\/strong><\/h5>\n<p><strong>EDUCATEPERU es el Proyecto de Jill Bignell una profesora de idiomas de Inglaterra.<\/strong><\/p>\n<div class=\"containner-embed\">\n<div class=\"embed-responsive embed-responsive-16by9\"><iframe loading=\"lazy\" title=\"Educate Per\u00fa\" width=\"500\" height=\"281\" src=\"https:\/\/www.youtube.com\/embed\/hmgPCt6EWqM?feature=oembed\" frameborder=\"0\" allow=\"accelerometer; autoplay; clipboard-write; encrypted-media; gyroscope; picture-in-picture; web-share\" referrerpolicy=\"strict-origin-when-cross-origin\" allowfullscreen><\/iframe><\/div>\n<\/div>\n<p><strong>Actualizado en<\/strong><strong>&nbsp;Mayo 2019<\/strong><\/p>\n<p>He visitado Per\u00fa una docena de veces hasta la fecha, la primera vez para 6 meses, 3 a\u00f1os mientras, luego para pocos meses a la vez. He renunciado mi puesto permanente en Inglaterra para dar todos mis esfuerzos para investigar lo que se necesita, d\u00f3nde y por qu\u00e9, en la forma de educaci\u00f3n para los ni\u00f1os en zonas de pobreza. Nadie me paga, trabajo independientemente y uso mi propio dinero por alquilar mi casa en Inglaterra cuando estoy en el Per\u00fa o trabajando como remplazante. Tengo m\u00e1s de 30 a\u00f1os de experiencia en la ense\u00f1anza de idiomas (ingl\u00e9s, franc\u00e9s y espa\u00f1ol) en Inglaterra a alumnos de 9 \u2013 16 a\u00f1os y adultos.<\/p>\n<p>En el Per\u00fa, empec\u00e9 desde hace 16 a\u00f1os como voluntaria en un colegio para los pobres en San Juan de Lurigancho, un distrito al norte de Lima. Por eso gan\u00e9 experiencia de lo que fue necesario, que fue lo m\u00e1s urgente y qu\u00e9 se necesit\u00f3 en el barrio alrededor &#8211;&nbsp; mucho de la cual se podr\u00eda solucionar por la construcci\u00f3n de un colegio multi-uso. As\u00ed empezaron a\u00f1os de ganar fondos para poner nuestro colegio en Pachacutec, al norte de Lima en una zona de arenales y chozos.<\/p>\n<p>&#8212;&#8212;&#8212;&#8212;&#8212;&#8212;&#8212;&#8212;&#8212;&#8212;&#8212;<\/p>\n<p><strong>Objetivos de Educateperu<\/strong><\/p>\n<p><a href=\"https:\/\/educate-peru.org\/wp-content\/uploads\/2014\/09\/foto1-1.jpg\"><img loading=\"lazy\" decoding=\"async\" class=\"size-full wp-image-513 aligncenter\" src=\"https:\/\/educate-peru.org\/wp-content\/uploads\/2014\/09\/foto1-1.jpg\" alt=\"foto1\" width=\"470\" height=\"313\" srcset=\"https:\/\/educate-peru.org\/wp-content\/uploads\/2014\/09\/foto1-1.jpg 470w, https:\/\/educate-peru.org\/wp-content\/uploads\/2014\/09\/foto1-1-300x200.jpg 300w, https:\/\/educate-peru.org\/wp-content\/uploads\/2014\/09\/foto1-1-24x16.jpg 24w, https:\/\/educate-peru.org\/wp-content\/uploads\/2014\/09\/foto1-1-36x24.jpg 36w, https:\/\/educate-peru.org\/wp-content\/uploads\/2014\/09\/foto1-1-48x32.jpg 48w\" sizes=\"auto, (max-width: 470px) 100vw, 470px\" \/><\/a><\/p>\n<p>Los ni\u00f1os m\u00e1s pobres en el colegio son apoyados por un arreglamiento m\u00edo que llamo \u201capadrinamiento\u201d \u2013 qu\u00e9 se busca Ud. la informaci\u00f3n sobre esto en la secci\u00f3n apropiado. De esta manera, un almuerzo caliente diariamente y la ense\u00f1anza es gratis para los ni\u00f1os apadrinados que, sin esto, no podr\u00edan postularse al colegio. Los otros pagan lo m\u00ednimo posible para cubrir los gastos de papel, libros y sus almuerzos. Al momento, con otra extensi\u00f3n, hay 750 alumnos en el colegio con un ranking de decimo en el pa\u00eds, pero est\u00e1 construido en una de las zonas la m\u00e1s pobre en el Per\u00fa.<\/p>\n<p>El edificio tambi\u00e9n est\u00e1 usado por la comunidad en cualquier uso que se encuentra necesario. Ej talleres de padres; clases t\u00e9cnicas para los alumnos; reuniones entre la psic\u00f3loga y padres;<\/p>\n<p>Hasta ahora, mis esfuerzos en ganar fondos han ocurrido en Inglaterra de una forma privada gracias a amigos, vecinos, familia y los que escuchan a la radio BBC. En el Per\u00fa ya he hecho contacto con varias personas que han prometido o que ya han dado ayuda de la forma gratis, ej consejos gratis, dise\u00f1o gratis de los planes para el nuevo proyecto, el cemento para construirlo gratis. Siempre hay espacio para m\u00e1s donantes!!<\/p>\n<p>Nuestro nuevo \u201cobjetivo\u201d de la construcci\u00f3n de una escuela de panificaci\u00f3n y pasteler\u00eda empez\u00f3 desde el primer a\u00f1o en 2014 de la salida del colegio de los alumnos que ya tuvieron 16 a\u00f1os. &nbsp;Muchos de ellos estar\u00e1n los primeros en sus familias tener cumplido una educaci\u00f3n secundaria.&nbsp; Igualmente, que en el Reino Unido, si no hayas terminado secundaria a 16 a\u00f1os, no hay ning\u00fan tipo de certificaci\u00f3n y sin esto, nada m\u00e1s avanzado de ni trabajo ni capacitaci\u00f3n es posible.<\/p>\n<p>Firm\u00e9 el acuerdo con el padre Omar para el terreno en Villa Salvador en 2018 y esto se realizar\u00e1 en 2019.<\/p>\n<p><a href=\"https:\/\/educate-peru.org\/wp-content\/uploads\/2014\/09\/foto2-1.jpg\"><img loading=\"lazy\" decoding=\"async\" class=\"size-full wp-image-514 aligncenter\" src=\"https:\/\/educate-peru.org\/wp-content\/uploads\/2014\/09\/foto2-1.jpg\" alt=\"foto2\" width=\"470\" height=\"320\" srcset=\"https:\/\/educate-peru.org\/wp-content\/uploads\/2014\/09\/foto2-1.jpg 470w, https:\/\/educate-peru.org\/wp-content\/uploads\/2014\/09\/foto2-1-300x204.jpg 300w, https:\/\/educate-peru.org\/wp-content\/uploads\/2014\/09\/foto2-1-24x16.jpg 24w, https:\/\/educate-peru.org\/wp-content\/uploads\/2014\/09\/foto2-1-36x25.jpg 36w, https:\/\/educate-peru.org\/wp-content\/uploads\/2014\/09\/foto2-1-48x33.jpg 48w\" sizes=\"auto, (max-width: 470px) 100vw, 470px\" \/><\/a><\/p>\n<p>M\u00e1s informaci\u00f3n y fotograf\u00edas pueden verse en este sitio web (nuevos proyectos \/ noticias) de www.Educateperu.org y me pueden poner en contacto para obtener m\u00e1s detalles sobre <strong><a href=\"mailto:jill@educateperu.org\">jill@educateperu.org<\/a><\/strong><\/p>\n<p>Gracias por tomarse el tiempo para leer esto, realmente aprecio su apoyo.<\/p>\n<p><strong>Jill Bignell<\/strong><\/p>\n","protected":false},"excerpt":{"rendered":"<p>Bienvenido a Educateperu.org EDUCATEPERU es el Proyecto de Jill Bignell una profesora de&hellip; <a href=\"https:\/\/educate-peru.org\/es\/about-us\/\">Continuar<\/a><\/p>\n","protected":false},"author":1,"featured_media":0,"parent":0,"menu_order":0,"comment_status":"open","ping_status":"closed","template":"","meta":{"ngg_post_thumbnail":0,"footnotes":""},"class_list":["post-10","page","type-page","status-publish","hentry"],"_links":{"self":[{"href":"https:\/\/educate-peru.org\/es\/wp-json\/wp\/v2\/pages\/10","targetHints":{"allow":["GET"]}}],"collection":[{"href":"https:\/\/educate-peru.org\/es\/wp-json\/wp\/v2\/pages"}],"about":[{"href":"https:\/\/educate-peru.org\/es\/wp-json\/wp\/v2\/types\/page"}],"author":[{"embeddable":true,"href":"https:\/\/educate-peru.org\/es\/wp-json\/wp\/v2\/users\/1"}],"replies":[{"embeddable":true,"href":"https:\/\/educate-peru.org\/es\/wp-json\/wp\/v2\/comments?post=10"}],"version-history":[{"count":17,"href":"https:\/\/educate-peru.org\/es\/wp-json\/wp\/v2\/pages\/10\/revisions"}],"predecessor-version":[{"id":910,"href":"https:\/\/educate-peru.org\/es\/wp-json\/wp\/v2\/pages\/10\/revisions\/910"}],"wp:attachment":[{"href":"https:\/\/educate-peru.org\/es\/wp-json\/wp\/v2\/media?parent=10"}],"curies":[{"name":"wp","href":"https:\/\/api.w.org\/{rel}","templated":true}]}}